{"id":5735,"date":"2026-02-03T10:54:06","date_gmt":"2026-02-03T08:54:06","guid":{"rendered":"https:\/\/hetheiliggenot.be\/bedingungen\/"},"modified":"2026-04-03T12:16:46","modified_gmt":"2026-04-03T10:16:46","slug":"bedingungen","status":"publish","type":"page","link":"https:\/\/hetheiliggenot.be\/de\/bedingungen\/","title":{"rendered":"Bedingungen"},"content":{"rendered":"\t\t<div data-elementor-type=\"wp-page\" data-elementor-id=\"5735\" class=\"elementor elementor-5735 elementor-233\" data-elementor-post-type=\"page\">\n\t\t\t\t<div class=\"elementor-element elementor-element-7b37180 e-flex e-con-boxed e-con e-parent\" data-id=\"7b37180\" data-element_type=\"container\" data-e-type=\"container\">\n\t\t\t\t\t<div class=\"e-con-inner\">\n\t\t\t\t<div class=\"elementor-element elementor-element-a150f6c elementor-widget elementor-widget-heading\" data-id=\"a150f6c\" data-element_type=\"widget\" data-e-type=\"widget\" data-widget_type=\"heading.default\">\n\t\t\t\t\t<h1 class=\"elementor-heading-title elementor-size-default\">Allgemeine Gesch\u00e4ftsbedingungen von The Heilig Genot<\/h1>\t\t\t\t<\/div>\n\t\t\t\t<div class=\"elementor-element elementor-element-0387e51 elementor-widget elementor-widget-text-editor\" data-id=\"0387e51\" data-element_type=\"widget\" data-e-type=\"widget\" data-widget_type=\"text-editor.default\">\n\t\t\t\t\t\t\t\t\t<p>Willkommen in <strong>Het Heilig Genot<\/strong>, einem exklusiven Erlebnis nur f\u00fcr Erwachsene, wo Ruhe, Komfort und Raffinesse im Mittelpunkt stehen. Um jedem Gast einen sorgenfreien und luxuri\u00f6sen Aufenthalt zu garantieren, bitten wir Sie, die folgenden Bedingungen zu beachten.<\/p><hr><h3>Stornierung &amp; Flexibilit\u00e4t<\/h3><p>Bei einer Stornierung bis zu <strong>einer Woche vor der Ankunft<\/strong> und bei Buchung \u00fcber unsere <strong>eigene Website<\/strong> erhalten Sie einen <strong>Gutschein im Wert des gezahlten Betrags<\/strong>, der <strong>12 Monate<\/strong> lang f\u00fcr einen zuk\u00fcnftigen Aufenthalt g\u00fcltig ist.<\/p><p>Reservierungen, die \u00fcber externe Buchungsplattformen get\u00e4tigt wurden, <strong>k\u00f6nnen nicht zur\u00fcckerstattet werden<\/strong>.<br>Wir empfehlen den Abschluss einer <strong>pers\u00f6nlichen Reiser\u00fccktrittsversicherung<\/strong>, um sich abzusichern.<\/p><hr><h3>Ankunft &amp; Abreise<\/h3><ul><li><p><strong>Check-in:<\/strong> von <strong>17:00 bis 19:30<\/strong><\/p><\/li><li><p><strong>Check-out:<\/strong> bis sp\u00e4testens <strong>10<\/strong> Uhr morgens<\/p><\/li><\/ul><p>Ein Check-in oder Check-out au\u00dferhalb dieser Zeiten ist gegen einen <strong>Aufpreis von 50 \u20ac<\/strong> und nach vorheriger Best\u00e4tigung m\u00f6glich.<br><strong>Ein Check-in nach 19.30 Uhr ist nicht m\u00f6glich<\/strong>. Im Falle einer versp\u00e4teten Ankunft verf\u00e4llt die Reservierung und <strong>kann nicht erstattet werden<\/strong>.<\/p><p>Wir bitten Sie, diese Zeiten strikt einzuhalten, damit wir jedes Zimmer mit der gr\u00f6\u00dftm\u00f6glichen Sorgfalt f\u00fcr unsere n\u00e4chsten G\u00e4ste vorbereiten k\u00f6nnen.<\/p><hr><h3>Bezahlung<\/h3><p>Bei der Reservierung wird der <strong>gesamte<\/strong> Betrag <strong>sofort<\/strong> per Kreditkarte <strong>abgebucht<\/strong>.<\/p><hr><h3>Steuern<\/h3><p>Kurtaxe: 1,90 \u20ac\/Person\/Nacht<\/p><hr><h3>Nur f\u00fcr Erwachsene<\/h3><p>Um eine ruhige und entspannte Atmosph\u00e4re zu gew\u00e4hrleisten, ist Het Heilig Genot eine Unterkunft <strong>nur f\u00fcr Erwachsene<\/strong>.<br>G\u00e4ste <strong>unter 16 Jahren<\/strong> sind nicht erlaubt.<\/p><hr><h3>Haustiere<\/h3><p>Um den Komfort aller unserer G\u00e4ste zu gew\u00e4hrleisten, <strong>sind Haustiere nicht erlaubt<\/strong>.<\/p><hr><h3>Rauchen<\/h3><p>Das gesamte Hotel, einschlie\u00dflich der Zimmer und der Terrasse, ist ein <strong>Nichtraucherhotel<\/strong>.<br>Bei Zuwiderhandlung wird eine <strong>zus\u00e4tzliche Reinigungsgeb\u00fchr von \u20ac50 pro Zimmer<\/strong> berechnet.<\/p><hr><h3>Essen &amp; Trinken<\/h3><p>Aus Gr\u00fcnden der Hygiene, der Qualit\u00e4t und der Erfahrung ist es <strong>nicht gestattet, eigene Speisen oder Getr\u00e4nke<\/strong> in den Zimmern oder auf dem Hotelgel\u00e4nde zu konsumieren.<br>Wir m\u00f6chten Sie einladen, das sorgf\u00e4ltig ausgew\u00e4hlte Angebot zu genie\u00dfen, das wir mit gro\u00dfer Sorgfalt f\u00fcr Sie bereitstellen.<\/p><hr><p>Wir danken Ihnen, dass Sie diese Bedingungen respektieren und freuen uns darauf, Sie zu einem <strong>unvergesslichen Aufenthalt voller Ruhe und Genuss<\/strong> im Heiligen Genot begr\u00fc\u00dfen zu d\u00fcrfen.<\/p>\t\t\t\t\t\t\t\t<\/div>\n\t\t\t\t\t<\/div>\n\t\t\t\t<\/div>\n\t\t\t\t<\/div>\n\t\t","protected":false},"excerpt":{"rendered":"<p>Allgemeine Gesch\u00e4ftsbedingungen von The Heilig Genot Willkommen in Het Heilig Genot, einem exklusiven Erlebnis nur f\u00fcr Erwachsene, wo Ruhe, Komfort und Raffinesse im Mittelpunkt stehen. Um jedem Gast einen sorgenfreien und luxuri\u00f6sen Aufenthalt zu garantieren, bitten wir Sie, die folgenden Bedingungen zu beachten. Stornierung &amp; Flexibilit\u00e4t Bei einer Stornierung bis zu einer Woche vor der [&hellip;]<\/p>\n","protected":false},"author":1,"featured_media":0,"parent":0,"menu_order":0,"comment_status":"closed","ping_status":"closed","template":"","meta":{"footnotes":""},"class_list":["post-5735","page","type-page","status-publish","hentry"],"yoast_head":"<!-- This site is optimized with the Yoast SEO plugin v27.3 - https:\/\/yoast.com\/product\/yoast-seo-wordpress\/ -->\n<title>Bedingungen - Het Heilig Genot<\/title>\n<meta name=\"robots\" content=\"index, follow, max-snippet:-1, max-image-preview:large, max-video-preview:-1\" \/>\n<link rel=\"canonical\" href=\"https:\/\/hetheiliggenot.be\/de\/bedingungen\/\" \/>\n<meta property=\"og:locale\" content=\"de_DE\" \/>\n<meta property=\"og:type\" content=\"article\" \/>\n<meta property=\"og:title\" content=\"Bedingungen - Het Heilig Genot\" \/>\n<meta property=\"og:description\" content=\"Allgemeine Gesch\u00e4ftsbedingungen von The Heilig Genot Willkommen in Het Heilig Genot, einem exklusiven Erlebnis nur f\u00fcr Erwachsene, wo Ruhe, Komfort und Raffinesse im Mittelpunkt stehen. Um jedem Gast einen sorgenfreien und luxuri\u00f6sen Aufenthalt zu garantieren, bitten wir Sie, die folgenden Bedingungen zu beachten. Stornierung &amp; Flexibilit\u00e4t Bei einer Stornierung bis zu einer Woche vor der [&hellip;]\" \/>\n<meta property=\"og:url\" content=\"https:\/\/hetheiliggenot.be\/de\/bedingungen\/\" \/>\n<meta property=\"og:site_name\" content=\"Het Heilig Genot\" \/>\n<meta property=\"article:modified_time\" content=\"2026-04-03T10:16:46+00:00\" \/>\n<meta name=\"twitter:card\" content=\"summary_large_image\" \/>\n<meta name=\"twitter:label1\" content=\"Gesch\u00e4tzte Lesezeit\" \/>\n\t<meta name=\"twitter:data1\" content=\"2\u00a0Minuten\" \/>\n<script type=\"application\/ld+json\" class=\"yoast-schema-graph\">{\"@context\":\"https:\\\/\\\/schema.org\",\"@graph\":[{\"@type\":\"WebPage\",\"@id\":\"https:\\\/\\\/hetheiliggenot.be\\\/de\\\/bedingungen\\\/\",\"url\":\"https:\\\/\\\/hetheiliggenot.be\\\/de\\\/bedingungen\\\/\",\"name\":\"Bedingungen - Het Heilig Genot\",\"isPartOf\":{\"@id\":\"https:\\\/\\\/hetheiliggenot.be\\\/#website\"},\"datePublished\":\"2026-02-03T08:54:06+00:00\",\"dateModified\":\"2026-04-03T10:16:46+00:00\",\"breadcrumb\":{\"@id\":\"https:\\\/\\\/hetheiliggenot.be\\\/de\\\/bedingungen\\\/#breadcrumb\"},\"inLanguage\":\"de\",\"potentialAction\":[{\"@type\":\"ReadAction\",\"target\":[\"https:\\\/\\\/hetheiliggenot.be\\\/de\\\/bedingungen\\\/\"]}]},{\"@type\":\"BreadcrumbList\",\"@id\":\"https:\\\/\\\/hetheiliggenot.be\\\/de\\\/bedingungen\\\/#breadcrumb\",\"itemListElement\":[{\"@type\":\"ListItem\",\"position\":1,\"name\":\"Home\",\"item\":\"https:\\\/\\\/hetheiliggenot.be\\\/\"},{\"@type\":\"ListItem\",\"position\":2,\"name\":\"Bedingungen\"}]},{\"@type\":\"WebSite\",\"@id\":\"https:\\\/\\\/hetheiliggenot.be\\\/#website\",\"url\":\"https:\\\/\\\/hetheiliggenot.be\\\/\",\"name\":\"Het Heilig Genot\",\"description\":\"\",\"potentialAction\":[{\"@type\":\"SearchAction\",\"target\":{\"@type\":\"EntryPoint\",\"urlTemplate\":\"https:\\\/\\\/hetheiliggenot.be\\\/?s={search_term_string}\"},\"query-input\":{\"@type\":\"PropertyValueSpecification\",\"valueRequired\":true,\"valueName\":\"search_term_string\"}}],\"inLanguage\":\"de\"}]}<\/script>\n<!-- \/ Yoast SEO plugin. -->","yoast_head_json":{"title":"Bedingungen - Het Heilig Genot","robots":{"index":"index","follow":"follow","max-snippet":"max-snippet:-1","max-image-preview":"max-image-preview:large","max-video-preview":"max-video-preview:-1"},"canonical":"https:\/\/hetheiliggenot.be\/de\/bedingungen\/","og_locale":"de_DE","og_type":"article","og_title":"Bedingungen - Het Heilig Genot","og_description":"Allgemeine Gesch\u00e4ftsbedingungen von The Heilig Genot Willkommen in Het Heilig Genot, einem exklusiven Erlebnis nur f\u00fcr Erwachsene, wo Ruhe, Komfort und Raffinesse im Mittelpunkt stehen. Um jedem Gast einen sorgenfreien und luxuri\u00f6sen Aufenthalt zu garantieren, bitten wir Sie, die folgenden Bedingungen zu beachten. Stornierung &amp; Flexibilit\u00e4t Bei einer Stornierung bis zu einer Woche vor der [&hellip;]","og_url":"https:\/\/hetheiliggenot.be\/de\/bedingungen\/","og_site_name":"Het Heilig Genot","article_modified_time":"2026-04-03T10:16:46+00:00","twitter_card":"summary_large_image","twitter_misc":{"Gesch\u00e4tzte Lesezeit":"2\u00a0Minuten"},"schema":{"@context":"https:\/\/schema.org","@graph":[{"@type":"WebPage","@id":"https:\/\/hetheiliggenot.be\/de\/bedingungen\/","url":"https:\/\/hetheiliggenot.be\/de\/bedingungen\/","name":"Bedingungen - Het Heilig Genot","isPartOf":{"@id":"https:\/\/hetheiliggenot.be\/#website"},"datePublished":"2026-02-03T08:54:06+00:00","dateModified":"2026-04-03T10:16:46+00:00","breadcrumb":{"@id":"https:\/\/hetheiliggenot.be\/de\/bedingungen\/#breadcrumb"},"inLanguage":"de","potentialAction":[{"@type":"ReadAction","target":["https:\/\/hetheiliggenot.be\/de\/bedingungen\/"]}]},{"@type":"BreadcrumbList","@id":"https:\/\/hetheiliggenot.be\/de\/bedingungen\/#breadcrumb","itemListElement":[{"@type":"ListItem","position":1,"name":"Home","item":"https:\/\/hetheiliggenot.be\/"},{"@type":"ListItem","position":2,"name":"Bedingungen"}]},{"@type":"WebSite","@id":"https:\/\/hetheiliggenot.be\/#website","url":"https:\/\/hetheiliggenot.be\/","name":"Het Heilig Genot","description":"","potentialAction":[{"@type":"SearchAction","target":{"@type":"EntryPoint","urlTemplate":"https:\/\/hetheiliggenot.be\/?s={search_term_string}"},"query-input":{"@type":"PropertyValueSpecification","valueRequired":true,"valueName":"search_term_string"}}],"inLanguage":"de"}]}},"_links":{"self":[{"href":"https:\/\/hetheiliggenot.be\/de\/wp-json\/wp\/v2\/pages\/5735","targetHints":{"allow":["GET"]}}],"collection":[{"href":"https:\/\/hetheiliggenot.be\/de\/wp-json\/wp\/v2\/pages"}],"about":[{"href":"https:\/\/hetheiliggenot.be\/de\/wp-json\/wp\/v2\/types\/page"}],"author":[{"embeddable":true,"href":"https:\/\/hetheiliggenot.be\/de\/wp-json\/wp\/v2\/users\/1"}],"replies":[{"embeddable":true,"href":"https:\/\/hetheiliggenot.be\/de\/wp-json\/wp\/v2\/comments?post=5735"}],"version-history":[{"count":3,"href":"https:\/\/hetheiliggenot.be\/de\/wp-json\/wp\/v2\/pages\/5735\/revisions"}],"predecessor-version":[{"id":6327,"href":"https:\/\/hetheiliggenot.be\/de\/wp-json\/wp\/v2\/pages\/5735\/revisions\/6327"}],"wp:attachment":[{"href":"https:\/\/hetheiliggenot.be\/de\/wp-json\/wp\/v2\/media?parent=5735"}],"curies":[{"name":"wp","href":"https:\/\/api.w.org\/{rel}","templated":true}]}}