{"id":5738,"date":"2026-02-03T10:54:06","date_gmt":"2026-02-03T08:54:06","guid":{"rendered":"https:\/\/hetheiliggenot.be\/condiciones\/"},"modified":"2026-04-03T12:16:46","modified_gmt":"2026-04-03T10:16:46","slug":"condiciones","status":"publish","type":"page","link":"https:\/\/hetheiliggenot.be\/es\/condiciones\/","title":{"rendered":"Condiciones"},"content":{"rendered":"\t\t<div data-elementor-type=\"wp-page\" data-elementor-id=\"5738\" class=\"elementor elementor-5738 elementor-233\" data-elementor-post-type=\"page\">\n\t\t\t\t<div class=\"elementor-element elementor-element-7b37180 e-flex e-con-boxed e-con e-parent\" data-id=\"7b37180\" data-element_type=\"container\" data-e-type=\"container\">\n\t\t\t\t\t<div class=\"e-con-inner\">\n\t\t\t\t<div class=\"elementor-element elementor-element-a150f6c elementor-widget elementor-widget-heading\" data-id=\"a150f6c\" data-element_type=\"widget\" data-e-type=\"widget\" data-widget_type=\"heading.default\">\n\t\t\t\t\t<h1 class=\"elementor-heading-title elementor-size-default\">T\u00e9rminos y condiciones de El Heilig Genot<\/h1>\t\t\t\t<\/div>\n\t\t\t\t<div class=\"elementor-element elementor-element-0387e51 elementor-widget elementor-widget-text-editor\" data-id=\"0387e51\" data-element_type=\"widget\" data-e-type=\"widget\" data-widget_type=\"text-editor.default\">\n\t\t\t\t\t\t\t\t\t<p>Bienvenido a <strong>Het Heilig Genot<\/strong>, una experiencia exclusiva s\u00f3lo para adultos donde la tranquilidad, el confort y la sofisticaci\u00f3n son los protagonistas. Para garantizar a cada hu\u00e9sped una estancia despreocupada y lujosa, te pedimos que respetes las condiciones que figuran a continuaci\u00f3n.<\/p><hr><h3>Anulaci\u00f3n y flexibilidad<\/h3><p>Si cancelas hasta <strong>una semana antes de la llegada<\/strong>, y si reservas a trav\u00e9s de nuestro <strong>propio sitio web<\/strong>, recibir\u00e1s un <strong>vale por el importe pagado<\/strong>, v\u00e1lido durante <strong>12 meses<\/strong> para una estancia futura.<\/p><p>Las reservas realizadas a trav\u00e9s de plataformas de reserva externas <strong>no son reembolsables<\/strong>.<br>Recomendamos contratar siempre <strong>un seguro personal de cancelaci\u00f3n<\/strong> para mayor tranquilidad.<\/p><hr><h3>Llegada y salida<\/h3><ul><li><p><strong>Registro:<\/strong> de <strong>17:00 a 19:30<\/strong><\/p><\/li><li><p><strong>Hora de salida:<\/strong> como muy tarde a <strong>las 10.<\/strong>00 h.<\/p><\/li><\/ul><p>Es posible realizar el registro de entrada o de salida fuera de este horario con un <strong>cargo adicional de 50 \u20ac<\/strong>, previa confirmaci\u00f3n.<br><strong>No es posible registrarse despu\u00e9s de las 19.30 h<\/strong>. En caso de llegada tard\u00eda, la reserva caduca y <strong>no es reembolsable<\/strong>.<\/p><p>Pedimos que se respeten estrictamente estos horarios para que podamos preparar cada habitaci\u00f3n con el m\u00e1ximo cuidado para nuestros pr\u00f3ximos hu\u00e9spedes.<\/p><hr><h3>Pago<\/h3><p>En el momento de la reserva, se <strong>cargar\u00e1 inmediatamente el importe total<\/strong> mediante tarjeta de cr\u00e9dito.<\/p><hr><h3>Impuestos<\/h3><p>Tasa tur\u00edstica: 1,90 euros\/persona\/noche<\/p><hr><h3>S\u00f3lo adultos<\/h3><p>Para garantizar un ambiente sereno y relajado, Het Heilig Genot es un alojamiento <strong>s\u00f3lo para adultos<\/strong>.<br>No se admiten hu\u00e9spedes <strong>menores de 16 a\u00f1os<\/strong>.<\/p><hr><h3>Mascotas<\/h3><p>Para garantizar la comodidad de todos nuestros hu\u00e9spedes, <strong>no se admiten animales de compa\u00f1\u00eda<\/strong>.<\/p><hr><h3>Fumar<\/h3><p>Todo el hotel, incluidas las habitaciones y la terraza, es <strong>para no fumadores<\/strong>.<br>En caso de infracci\u00f3n, se cobrar\u00e1 <strong>una tasa de limpieza adicional de 50 euros por habitaci\u00f3n<\/strong>.<\/p><hr><h3>Comida y bebida<\/h3><p>En aras de la higiene, la calidad y la experiencia, <strong>no<\/strong> est\u00e1 permitido consumir <strong>tus propios alimentos o bebidas<\/strong> en las habitaciones ni en el recinto del hotel.<br>Nos gustar\u00eda invitarte a disfrutar de la cuidada oferta que ponemos a tu disposici\u00f3n con gran esmero.<\/p><hr><p>Te agradecemos que respetes estas condiciones y esperamos darte la bienvenida para una <strong>estancia inolvidable llena de paz y disfrute<\/strong> en el Heilig Genot.<\/p>\t\t\t\t\t\t\t\t<\/div>\n\t\t\t\t\t<\/div>\n\t\t\t\t<\/div>\n\t\t\t\t<\/div>\n\t\t","protected":false},"excerpt":{"rendered":"<p>T\u00e9rminos y condiciones de El Heilig Genot Bienvenido a Het Heilig Genot, una experiencia exclusiva s\u00f3lo para adultos donde la tranquilidad, el confort y la sofisticaci\u00f3n son los protagonistas. Para garantizar a cada hu\u00e9sped una estancia despreocupada y lujosa, te pedimos que respetes las condiciones que figuran a continuaci\u00f3n. Anulaci\u00f3n y flexibilidad Si cancelas hasta [&hellip;]<\/p>\n","protected":false},"author":1,"featured_media":0,"parent":0,"menu_order":0,"comment_status":"closed","ping_status":"closed","template":"","meta":{"footnotes":""},"class_list":["post-5738","page","type-page","status-publish","hentry"],"yoast_head":"<!-- This site is optimized with the Yoast SEO plugin v27.3 - https:\/\/yoast.com\/product\/yoast-seo-wordpress\/ -->\n<title>Condiciones - Het Heilig Genot<\/title>\n<meta name=\"robots\" content=\"index, follow, max-snippet:-1, max-image-preview:large, max-video-preview:-1\" \/>\n<link rel=\"canonical\" href=\"https:\/\/hetheiliggenot.be\/es\/condiciones\/\" \/>\n<meta property=\"og:locale\" content=\"es_ES\" \/>\n<meta property=\"og:type\" content=\"article\" \/>\n<meta property=\"og:title\" content=\"Condiciones - Het Heilig Genot\" \/>\n<meta property=\"og:description\" content=\"T\u00e9rminos y condiciones de El Heilig Genot Bienvenido a Het Heilig Genot, una experiencia exclusiva s\u00f3lo para adultos donde la tranquilidad, el confort y la sofisticaci\u00f3n son los protagonistas. Para garantizar a cada hu\u00e9sped una estancia despreocupada y lujosa, te pedimos que respetes las condiciones que figuran a continuaci\u00f3n. Anulaci\u00f3n y flexibilidad Si cancelas hasta [&hellip;]\" \/>\n<meta property=\"og:url\" content=\"https:\/\/hetheiliggenot.be\/es\/condiciones\/\" \/>\n<meta property=\"og:site_name\" content=\"Het Heilig Genot\" \/>\n<meta property=\"article:modified_time\" content=\"2026-04-03T10:16:46+00:00\" \/>\n<meta name=\"twitter:card\" content=\"summary_large_image\" \/>\n<meta name=\"twitter:label1\" content=\"Tiempo de lectura\" \/>\n\t<meta name=\"twitter:data1\" content=\"2 minutos\" \/>\n<script type=\"application\/ld+json\" class=\"yoast-schema-graph\">{\"@context\":\"https:\\\/\\\/schema.org\",\"@graph\":[{\"@type\":\"WebPage\",\"@id\":\"https:\\\/\\\/hetheiliggenot.be\\\/es\\\/condiciones\\\/\",\"url\":\"https:\\\/\\\/hetheiliggenot.be\\\/es\\\/condiciones\\\/\",\"name\":\"Condiciones - Het Heilig Genot\",\"isPartOf\":{\"@id\":\"https:\\\/\\\/hetheiliggenot.be\\\/#website\"},\"datePublished\":\"2026-02-03T08:54:06+00:00\",\"dateModified\":\"2026-04-03T10:16:46+00:00\",\"breadcrumb\":{\"@id\":\"https:\\\/\\\/hetheiliggenot.be\\\/es\\\/condiciones\\\/#breadcrumb\"},\"inLanguage\":\"es\",\"potentialAction\":[{\"@type\":\"ReadAction\",\"target\":[\"https:\\\/\\\/hetheiliggenot.be\\\/es\\\/condiciones\\\/\"]}]},{\"@type\":\"BreadcrumbList\",\"@id\":\"https:\\\/\\\/hetheiliggenot.be\\\/es\\\/condiciones\\\/#breadcrumb\",\"itemListElement\":[{\"@type\":\"ListItem\",\"position\":1,\"name\":\"Home\",\"item\":\"https:\\\/\\\/hetheiliggenot.be\\\/\"},{\"@type\":\"ListItem\",\"position\":2,\"name\":\"Condiciones\"}]},{\"@type\":\"WebSite\",\"@id\":\"https:\\\/\\\/hetheiliggenot.be\\\/#website\",\"url\":\"https:\\\/\\\/hetheiliggenot.be\\\/\",\"name\":\"Het Heilig Genot\",\"description\":\"\",\"potentialAction\":[{\"@type\":\"SearchAction\",\"target\":{\"@type\":\"EntryPoint\",\"urlTemplate\":\"https:\\\/\\\/hetheiliggenot.be\\\/?s={search_term_string}\"},\"query-input\":{\"@type\":\"PropertyValueSpecification\",\"valueRequired\":true,\"valueName\":\"search_term_string\"}}],\"inLanguage\":\"es\"}]}<\/script>\n<!-- \/ Yoast SEO plugin. -->","yoast_head_json":{"title":"Condiciones - Het Heilig Genot","robots":{"index":"index","follow":"follow","max-snippet":"max-snippet:-1","max-image-preview":"max-image-preview:large","max-video-preview":"max-video-preview:-1"},"canonical":"https:\/\/hetheiliggenot.be\/es\/condiciones\/","og_locale":"es_ES","og_type":"article","og_title":"Condiciones - Het Heilig Genot","og_description":"T\u00e9rminos y condiciones de El Heilig Genot Bienvenido a Het Heilig Genot, una experiencia exclusiva s\u00f3lo para adultos donde la tranquilidad, el confort y la sofisticaci\u00f3n son los protagonistas. Para garantizar a cada hu\u00e9sped una estancia despreocupada y lujosa, te pedimos que respetes las condiciones que figuran a continuaci\u00f3n. Anulaci\u00f3n y flexibilidad Si cancelas hasta [&hellip;]","og_url":"https:\/\/hetheiliggenot.be\/es\/condiciones\/","og_site_name":"Het Heilig Genot","article_modified_time":"2026-04-03T10:16:46+00:00","twitter_card":"summary_large_image","twitter_misc":{"Tiempo de lectura":"2 minutos"},"schema":{"@context":"https:\/\/schema.org","@graph":[{"@type":"WebPage","@id":"https:\/\/hetheiliggenot.be\/es\/condiciones\/","url":"https:\/\/hetheiliggenot.be\/es\/condiciones\/","name":"Condiciones - Het Heilig Genot","isPartOf":{"@id":"https:\/\/hetheiliggenot.be\/#website"},"datePublished":"2026-02-03T08:54:06+00:00","dateModified":"2026-04-03T10:16:46+00:00","breadcrumb":{"@id":"https:\/\/hetheiliggenot.be\/es\/condiciones\/#breadcrumb"},"inLanguage":"es","potentialAction":[{"@type":"ReadAction","target":["https:\/\/hetheiliggenot.be\/es\/condiciones\/"]}]},{"@type":"BreadcrumbList","@id":"https:\/\/hetheiliggenot.be\/es\/condiciones\/#breadcrumb","itemListElement":[{"@type":"ListItem","position":1,"name":"Home","item":"https:\/\/hetheiliggenot.be\/"},{"@type":"ListItem","position":2,"name":"Condiciones"}]},{"@type":"WebSite","@id":"https:\/\/hetheiliggenot.be\/#website","url":"https:\/\/hetheiliggenot.be\/","name":"Het Heilig Genot","description":"","potentialAction":[{"@type":"SearchAction","target":{"@type":"EntryPoint","urlTemplate":"https:\/\/hetheiliggenot.be\/?s={search_term_string}"},"query-input":{"@type":"PropertyValueSpecification","valueRequired":true,"valueName":"search_term_string"}}],"inLanguage":"es"}]}},"_links":{"self":[{"href":"https:\/\/hetheiliggenot.be\/es\/wp-json\/wp\/v2\/pages\/5738","targetHints":{"allow":["GET"]}}],"collection":[{"href":"https:\/\/hetheiliggenot.be\/es\/wp-json\/wp\/v2\/pages"}],"about":[{"href":"https:\/\/hetheiliggenot.be\/es\/wp-json\/wp\/v2\/types\/page"}],"author":[{"embeddable":true,"href":"https:\/\/hetheiliggenot.be\/es\/wp-json\/wp\/v2\/users\/1"}],"replies":[{"embeddable":true,"href":"https:\/\/hetheiliggenot.be\/es\/wp-json\/wp\/v2\/comments?post=5738"}],"version-history":[{"count":3,"href":"https:\/\/hetheiliggenot.be\/es\/wp-json\/wp\/v2\/pages\/5738\/revisions"}],"predecessor-version":[{"id":6328,"href":"https:\/\/hetheiliggenot.be\/es\/wp-json\/wp\/v2\/pages\/5738\/revisions\/6328"}],"wp:attachment":[{"href":"https:\/\/hetheiliggenot.be\/es\/wp-json\/wp\/v2\/media?parent=5738"}],"curies":[{"name":"wp","href":"https:\/\/api.w.org\/{rel}","templated":true}]}}