{"id":5407,"date":"2026-02-02T10:38:01","date_gmt":"2026-02-02T08:38:01","guid":{"rendered":"https:\/\/hetheiliggenot.be\/bon-a-savoir\/"},"modified":"2026-02-05T14:24:16","modified_gmt":"2026-02-05T12:24:16","slug":"bon-a-savoir","status":"publish","type":"page","link":"https:\/\/hetheiliggenot.be\/fr\/bon-a-savoir\/","title":{"rendered":"Bon \u00e0 savoir"},"content":{"rendered":"\t\t<div data-elementor-type=\"wp-page\" data-elementor-id=\"5407\" class=\"elementor elementor-5407 elementor-5124\" data-elementor-post-type=\"page\">\n\t\t\t\t<div class=\"elementor-element elementor-element-1a62d43 e-flex e-con-boxed e-con e-parent\" data-id=\"1a62d43\" data-element_type=\"container\" data-e-type=\"container\" data-settings=\"{&quot;background_background&quot;:&quot;classic&quot;}\">\n\t\t\t\t\t<div class=\"e-con-inner\">\n\t\t\t\t<div class=\"elementor-element elementor-element-7164054 elementor-widget__width-initial elementor-widget elementor-widget-heading\" data-id=\"7164054\" data-element_type=\"widget\" data-e-type=\"widget\" data-widget_type=\"heading.default\">\n\t\t\t\t\t<h1 class=\"elementor-heading-title elementor-size-default\">Bon \u00e0 savoir<\/h1>\t\t\t\t<\/div>\n\t\t\t\t\t<\/div>\n\t\t\t\t<\/div>\n\t\t<div class=\"elementor-element elementor-element-cd91a7e e-flex e-con-boxed e-con e-parent\" data-id=\"cd91a7e\" data-element_type=\"container\" data-e-type=\"container\">\n\t\t\t\t\t<div class=\"e-con-inner\">\n\t\t<div class=\"elementor-element elementor-element-059da60 e-con-full e-flex e-con e-child\" data-id=\"059da60\" data-element_type=\"container\" data-e-type=\"container\">\n\t\t\t\t<div class=\"elementor-element elementor-element-d12fd64 elementor-widget elementor-widget-image\" data-id=\"d12fd64\" data-element_type=\"widget\" data-e-type=\"widget\" data-widget_type=\"image.default\">\n\t\t\t\t\t\t\t\t\t\t\t\t\t\t\t<img fetchpriority=\"high\" decoding=\"async\" width=\"640\" height=\"427\" src=\"https:\/\/hetheiliggenot.be\/wp-content\/uploads\/2019\/02\/parking-het-heilig-genot.jpg\" class=\"attachment-full size-full wp-image-4271\" alt=\"\" srcset=\"https:\/\/hetheiliggenot.be\/wp-content\/uploads\/2019\/02\/parking-het-heilig-genot.jpg 640w, https:\/\/hetheiliggenot.be\/wp-content\/uploads\/2019\/02\/parking-het-heilig-genot-600x400.jpg 600w, https:\/\/hetheiliggenot.be\/wp-content\/uploads\/2019\/02\/parking-het-heilig-genot-300x200.jpg 300w, https:\/\/hetheiliggenot.be\/wp-content\/uploads\/2019\/02\/parking-het-heilig-genot-272x182.jpg 272w\" sizes=\"(max-width: 640px) 100vw, 640px\" \/>\t\t\t\t\t\t\t\t\t\t\t\t\t\t\t<\/div>\n\t\t\t\t<\/div>\n\t\t<div class=\"elementor-element elementor-element-ada9eac e-con-full e-flex e-con e-child\" data-id=\"ada9eac\" data-element_type=\"container\" data-e-type=\"container\">\n\t\t\t\t<div class=\"elementor-element elementor-element-e506b5e elementor-icon-list--layout-traditional elementor-list-item-link-full_width elementor-widget elementor-widget-icon-list\" data-id=\"e506b5e\" data-element_type=\"widget\" data-e-type=\"widget\" data-widget_type=\"icon-list.default\">\n\t\t\t\t\t\t\t<ul class=\"elementor-icon-list-items\">\n\t\t\t\t\t\t\t<li class=\"elementor-icon-list-item\">\n\t\t\t\t\t\t\t\t\t\t\t<span class=\"elementor-icon-list-icon\">\n\t\t\t\t\t\t\t<svg aria-hidden=\"true\" class=\"e-font-icon-svg e-fas-parking\" viewBox=\"0 0 448 512\" xmlns=\"http:\/\/www.w3.org\/2000\/svg\"><path d=\"M400 32H48C21.5 32 0 53.5 0 80v352c0 26.5 21.5 48 48 48h352c26.5 0 48-21.5 48-48V80c0-26.5-21.5-48-48-48zM240 320h-48v48c0 8.8-7.2 16-16 16h-32c-8.8 0-16-7.2-16-16V144c0-8.8 7.2-16 16-16h96c52.9 0 96 43.1 96 96s-43.1 96-96 96zm0-128h-48v64h48c17.6 0 32-14.4 32-32s-14.4-32-32-32z\"><\/path><\/svg>\t\t\t\t\t\t<\/span>\n\t\t\t\t\t\t\t\t\t\t<span class=\"elementor-icon-list-text\">Parking ferm\u00e9<\/span>\n\t\t\t\t\t\t\t\t\t<\/li>\n\t\t\t\t\t\t\t\t<li class=\"elementor-icon-list-item\">\n\t\t\t\t\t\t\t\t\t\t\t<span class=\"elementor-icon-list-icon\">\n\t\t\t\t\t\t\t<svg aria-hidden=\"true\" class=\"e-font-icon-svg e-fas-info-circle\" viewBox=\"0 0 512 512\" xmlns=\"http:\/\/www.w3.org\/2000\/svg\"><path d=\"M256 8C119.043 8 8 119.083 8 256c0 136.997 111.043 248 248 248s248-111.003 248-248C504 119.083 392.957 8 256 8zm0 110c23.196 0 42 18.804 42 42s-18.804 42-42 42-42-18.804-42-42 18.804-42 42-42zm56 254c0 6.627-5.373 12-12 12h-88c-6.627 0-12-5.373-12-12v-24c0-6.627 5.373-12 12-12h12v-64h-12c-6.627 0-12-5.373-12-12v-24c0-6.627 5.373-12 12-12h64c6.627 0 12 5.373 12 12v100h12c6.627 0 12 5.373 12 12v24z\"><\/path><\/svg>\t\t\t\t\t\t<\/span>\n\t\t\t\t\t\t\t\t\t\t<span class=\"elementor-icon-list-text\">Des informations r\u00e9gionales solides<\/span>\n\t\t\t\t\t\t\t\t\t<\/li>\n\t\t\t\t\t\t\t\t<li class=\"elementor-icon-list-item\">\n\t\t\t\t\t\t\t\t\t\t\t<span class=\"elementor-icon-list-icon\">\n\t\t\t\t\t\t\t<svg aria-hidden=\"true\" class=\"e-font-icon-svg e-fas-car\" viewBox=\"0 0 512 512\" xmlns=\"http:\/\/www.w3.org\/2000\/svg\"><path d=\"M499.99 176h-59.87l-16.64-41.6C406.38 91.63 365.57 64 319.5 64h-127c-46.06 0-86.88 27.63-103.99 70.4L71.87 176H12.01C4.2 176-1.53 183.34.37 190.91l6 24C7.7 220.25 12.5 224 18.01 224h20.07C24.65 235.73 16 252.78 16 272v48c0 16.12 6.16 30.67 16 41.93V416c0 17.67 14.33 32 32 32h32c17.67 0 32-14.33 32-32v-32h256v32c0 17.67 14.33 32 32 32h32c17.67 0 32-14.33 32-32v-54.07c9.84-11.25 16-25.8 16-41.93v-48c0-19.22-8.65-36.27-22.07-48H494c5.51 0 10.31-3.75 11.64-9.09l6-24c1.89-7.57-3.84-14.91-11.65-14.91zm-352.06-17.83c7.29-18.22 24.94-30.17 44.57-30.17h127c19.63 0 37.28 11.95 44.57 30.17L384 208H128l19.93-49.83zM96 319.8c-19.2 0-32-12.76-32-31.9S76.8 256 96 256s48 28.71 48 47.85-28.8 15.95-48 15.95zm320 0c-19.2 0-48 3.19-48-15.95S396.8 256 416 256s32 12.76 32 31.9-12.8 31.9-32 31.9z\"><\/path><\/svg>\t\t\t\t\t\t<\/span>\n\t\t\t\t\t\t\t\t\t\t<span class=\"elementor-icon-list-text\">Atelier automobile \u00e0 proximit\u00e9 de l'h\u00f4tel<\/span>\n\t\t\t\t\t\t\t\t\t<\/li>\n\t\t\t\t\t\t\t\t<li class=\"elementor-icon-list-item\">\n\t\t\t\t\t\t\t\t\t\t\t<span class=\"elementor-icon-list-icon\">\n\t\t\t\t\t\t\t<svg aria-hidden=\"true\" class=\"e-font-icon-svg e-fas-dog\" viewBox=\"0 0 576 512\" xmlns=\"http:\/\/www.w3.org\/2000\/svg\"><path d=\"M298.06,224,448,277.55V496a16,16,0,0,1-16,16H368a16,16,0,0,1-16-16V384H192V496a16,16,0,0,1-16,16H112a16,16,0,0,1-16-16V282.09C58.84,268.84,32,233.66,32,192a32,32,0,0,1,64,0,32.06,32.06,0,0,0,32,32ZM544,112v32a64,64,0,0,1-64,64H448v35.58L320,197.87V48c0-14.25,17.22-21.39,27.31-11.31L374.59,64h53.63c10.91,0,23.75,7.92,28.62,17.69L464,96h64A16,16,0,0,1,544,112Zm-112,0a16,16,0,1,0-16,16A16,16,0,0,0,432,112Z\"><\/path><\/svg>\t\t\t\t\t\t<\/span>\n\t\t\t\t\t\t\t\t\t\t<span class=\"elementor-icon-list-text\">Pas d'animaux<\/span>\n\t\t\t\t\t\t\t\t\t<\/li>\n\t\t\t\t\t\t\t\t<li class=\"elementor-icon-list-item\">\n\t\t\t\t\t\t\t\t\t\t\t<span class=\"elementor-icon-list-icon\">\n\t\t\t\t\t\t\t<svg aria-hidden=\"true\" class=\"e-font-icon-svg e-fas-ban\" viewBox=\"0 0 512 512\" xmlns=\"http:\/\/www.w3.org\/2000\/svg\"><path d=\"M256 8C119.034 8 8 119.033 8 256s111.034 248 248 248 248-111.034 248-248S392.967 8 256 8zm130.108 117.892c65.448 65.448 70 165.481 20.677 235.637L150.47 105.216c70.204-49.356 170.226-44.735 235.638 20.676zM125.892 386.108c-65.448-65.448-70-165.481-20.677-235.637L361.53 406.784c-70.203 49.356-170.226 44.736-235.638-20.676z\"><\/path><\/svg>\t\t\t\t\t\t<\/span>\n\t\t\t\t\t\t\t\t\t\t<span class=\"elementor-icon-list-text\">Pas d'enfants de moins de 16 ans<\/span>\n\t\t\t\t\t\t\t\t\t<\/li>\n\t\t\t\t\t\t<\/ul>\n\t\t\t\t\t\t<\/div>\n\t\t\t\t<\/div>\n\t\t\t\t\t<\/div>\n\t\t\t\t<\/div>\n\t\t<div class=\"elementor-element elementor-element-1c9102c e-flex e-con-boxed e-con e-parent\" data-id=\"1c9102c\" data-element_type=\"container\" data-e-type=\"container\">\n\t\t\t\t\t<div class=\"e-con-inner\">\n\t\t<div class=\"elementor-element elementor-element-42fa14b e-con-full e-flex e-con e-child\" data-id=\"42fa14b\" data-element_type=\"container\" data-e-type=\"container\">\n\t\t\t\t<div class=\"elementor-element elementor-element-2c5b19c elementor-view-stacked elementor-shape-rounded elementor-widget elementor-widget-icon\" data-id=\"2c5b19c\" data-element_type=\"widget\" data-e-type=\"widget\" data-widget_type=\"icon.default\">\n\t\t\t\t\t\t\t<div class=\"elementor-icon-wrapper\">\n\t\t\t<div class=\"elementor-icon\">\n\t\t\t<svg aria-hidden=\"true\" class=\"e-font-icon-svg e-fas-bicycle\" viewBox=\"0 0 640 512\" xmlns=\"http:\/\/www.w3.org\/2000\/svg\"><path d=\"M512.509 192.001c-16.373-.064-32.03 2.955-46.436 8.495l-77.68-125.153A24 24 0 0 0 368.001 64h-64c-8.837 0-16 7.163-16 16v16c0 8.837 7.163 16 16 16h50.649l14.896 24H256.002v-16c0-8.837-7.163-16-16-16h-87.459c-13.441 0-24.777 10.999-24.536 24.437.232 13.044 10.876 23.563 23.995 23.563h48.726l-29.417 47.52c-13.433-4.83-27.904-7.483-42.992-7.52C58.094 191.83.412 249.012.002 319.236-.413 390.279 57.055 448 128.002 448c59.642 0 109.758-40.793 123.967-96h52.033a24 24 0 0 0 20.406-11.367L410.37 201.77l14.938 24.067c-25.455 23.448-41.385 57.081-41.307 94.437.145 68.833 57.899 127.051 126.729 127.719 70.606.685 128.181-55.803 129.255-125.996 1.086-70.941-56.526-129.72-127.476-129.996zM186.75 265.772c9.727 10.529 16.673 23.661 19.642 38.228h-43.306l23.664-38.228zM128.002 400c-44.112 0-80-35.888-80-80s35.888-80 80-80c5.869 0 11.586.653 17.099 1.859l-45.505 73.509C89.715 331.327 101.213 352 120.002 352h81.3c-12.37 28.225-40.562 48-73.3 48zm162.63-96h-35.624c-3.96-31.756-19.556-59.894-42.383-80.026L237.371 184h127.547l-74.286 120zm217.057 95.886c-41.036-2.165-74.049-35.692-75.627-76.755-.812-21.121 6.633-40.518 19.335-55.263l44.433 71.586c4.66 7.508 14.524 9.816 22.032 5.156l13.594-8.437c7.508-4.66 9.817-14.524 5.156-22.032l-44.468-71.643a79.901 79.901 0 0 1 19.858-2.497c44.112 0 80 35.888 80 80-.001 45.54-38.252 82.316-84.313 79.885z\"><\/path><\/svg>\t\t\t<\/div>\n\t\t<\/div>\n\t\t\t\t\t\t<\/div>\n\t\t\t\t<div class=\"elementor-element elementor-element-9cf8fde elementor-widget__width-initial elementor-widget elementor-widget-text-editor\" data-id=\"9cf8fde\" data-element_type=\"widget\" data-e-type=\"widget\" data-widget_type=\"text-editor.default\">\n\t\t\t\t\t\t\t\t\t<p>R\u00e9servez votre v\u00e9lo via Fietsen Covemaecker &amp; Co BVBA<\/p>\t\t\t\t\t\t\t\t<\/div>\n\t\t\t\t<div class=\"elementor-element elementor-element-5c07776 elementor-hidden-mobile elementor-widget elementor-widget-button\" data-id=\"5c07776\" data-element_type=\"widget\" data-e-type=\"widget\" data-widget_type=\"button.default\">\n\t\t\t\t\t\t\t\t\t\t<a class=\"elementor-button elementor-button-link elementor-size-sm\" href=\"https:\/\/www.covemaecker.be\/fiets-verhuur\/\" target=\"_blank\">\n\t\t\t\t\t\t<span class=\"elementor-button-content-wrapper\">\n\t\t\t\t\t\t\t\t\t<span class=\"elementor-button-text\">R\u00e9servez votre v\u00e9lo ici<\/span>\n\t\t\t\t\t<\/span>\n\t\t\t\t\t<\/a>\n\t\t\t\t\t\t\t\t<\/div>\n\t\t\t\t<\/div>\n\t\t<div class=\"elementor-element elementor-element-0cc2289 e-con-full e-flex e-con e-child\" data-id=\"0cc2289\" data-element_type=\"container\" data-e-type=\"container\">\n\t\t\t\t<div class=\"elementor-element elementor-element-1300b0e elementor-widget elementor-widget-image\" data-id=\"1300b0e\" data-element_type=\"widget\" data-e-type=\"widget\" data-widget_type=\"image.default\">\n\t\t\t\t\t\t\t\t\t\t\t\t\t\t\t<img decoding=\"async\" width=\"1080\" height=\"614\" src=\"https:\/\/hetheiliggenot.be\/wp-content\/uploads\/2026\/01\/2024-12-14.webp\" class=\"attachment-full size-full wp-image-5143\" alt=\"\" srcset=\"https:\/\/hetheiliggenot.be\/wp-content\/uploads\/2026\/01\/2024-12-14.webp 1080w, https:\/\/hetheiliggenot.be\/wp-content\/uploads\/2026\/01\/2024-12-14-600x341.webp 600w, https:\/\/hetheiliggenot.be\/wp-content\/uploads\/2026\/01\/2024-12-14-300x171.webp 300w, https:\/\/hetheiliggenot.be\/wp-content\/uploads\/2026\/01\/2024-12-14-1024x582.webp 1024w, https:\/\/hetheiliggenot.be\/wp-content\/uploads\/2026\/01\/2024-12-14-768x437.webp 768w\" sizes=\"(max-width: 1080px) 100vw, 1080px\" \/>\t\t\t\t\t\t\t\t\t\t\t\t\t\t\t<\/div>\n\t\t\t\t<\/div>\n\t\t\t\t\t<\/div>\n\t\t\t\t<\/div>\n\t\t\t\t<\/div>\n\t\t","protected":false},"excerpt":{"rendered":"<p>Bon \u00e0 savoir Parking ferm\u00e9 Des informations r\u00e9gionales solides Atelier automobile \u00e0 proximit\u00e9 de l&#8217;h\u00f4tel Pas d&#8217;animaux Pas d&#8217;enfants de moins de 16 ans R\u00e9servez votre v\u00e9lo via Fietsen Covemaecker &amp; Co BVBA R\u00e9servez votre v\u00e9lo ici<\/p>\n","protected":false},"author":1,"featured_media":0,"parent":0,"menu_order":0,"comment_status":"closed","ping_status":"closed","template":"","meta":{"footnotes":""},"class_list":["post-5407","page","type-page","status-publish","hentry"],"yoast_head":"<!-- This site is optimized with the Yoast SEO plugin v27.3 - https:\/\/yoast.com\/product\/yoast-seo-wordpress\/ -->\n<title>Bon \u00e0 savoir - Het Heilig Genot<\/title>\n<meta name=\"robots\" content=\"index, follow, max-snippet:-1, max-image-preview:large, max-video-preview:-1\" \/>\n<link rel=\"canonical\" href=\"https:\/\/hetheiliggenot.be\/goed-om-te-weten\/\" \/>\n<meta property=\"og:locale\" content=\"fr_FR\" \/>\n<meta property=\"og:type\" content=\"article\" \/>\n<meta property=\"og:title\" content=\"Bon \u00e0 savoir - Het Heilig Genot\" \/>\n<meta property=\"og:description\" content=\"Bon \u00e0 savoir Parking ferm\u00e9 Des informations r\u00e9gionales solides Atelier automobile \u00e0 proximit\u00e9 de l&#8217;h\u00f4tel Pas d&#8217;animaux Pas d&#8217;enfants de moins de 16 ans R\u00e9servez votre v\u00e9lo via Fietsen Covemaecker &amp; Co BVBA R\u00e9servez votre v\u00e9lo ici\" \/>\n<meta property=\"og:url\" content=\"https:\/\/hetheiliggenot.be\/goed-om-te-weten\/\" \/>\n<meta property=\"og:site_name\" content=\"Het Heilig Genot\" \/>\n<meta property=\"article:modified_time\" content=\"2026-02-05T12:24:16+00:00\" \/>\n<meta property=\"og:image\" content=\"https:\/\/hetheiliggenot.be\/wp-content\/uploads\/2019\/02\/parking-het-heilig-genot.jpg\" \/>\n<meta name=\"twitter:card\" content=\"summary_large_image\" \/>\n<script type=\"application\/ld+json\" class=\"yoast-schema-graph\">{\"@context\":\"https:\\\/\\\/schema.org\",\"@graph\":[{\"@type\":\"WebPage\",\"@id\":\"https:\\\/\\\/hetheiliggenot.be\\\/goed-om-te-weten\\\/\",\"url\":\"https:\\\/\\\/hetheiliggenot.be\\\/goed-om-te-weten\\\/\",\"name\":\"Bon \u00e0 savoir - Het Heilig Genot\",\"isPartOf\":{\"@id\":\"https:\\\/\\\/hetheiliggenot.be\\\/#website\"},\"primaryImageOfPage\":{\"@id\":\"https:\\\/\\\/hetheiliggenot.be\\\/goed-om-te-weten\\\/#primaryimage\"},\"image\":{\"@id\":\"https:\\\/\\\/hetheiliggenot.be\\\/goed-om-te-weten\\\/#primaryimage\"},\"thumbnailUrl\":\"https:\\\/\\\/hetheiliggenot.be\\\/wp-content\\\/uploads\\\/2019\\\/02\\\/parking-het-heilig-genot.jpg\",\"datePublished\":\"2026-02-02T08:38:01+00:00\",\"dateModified\":\"2026-02-05T12:24:16+00:00\",\"breadcrumb\":{\"@id\":\"https:\\\/\\\/hetheiliggenot.be\\\/goed-om-te-weten\\\/#breadcrumb\"},\"inLanguage\":\"fr-FR\",\"potentialAction\":[{\"@type\":\"ReadAction\",\"target\":[\"https:\\\/\\\/hetheiliggenot.be\\\/goed-om-te-weten\\\/\"]}]},{\"@type\":\"ImageObject\",\"inLanguage\":\"fr-FR\",\"@id\":\"https:\\\/\\\/hetheiliggenot.be\\\/goed-om-te-weten\\\/#primaryimage\",\"url\":\"https:\\\/\\\/hetheiliggenot.be\\\/wp-content\\\/uploads\\\/2019\\\/02\\\/parking-het-heilig-genot.jpg\",\"contentUrl\":\"https:\\\/\\\/hetheiliggenot.be\\\/wp-content\\\/uploads\\\/2019\\\/02\\\/parking-het-heilig-genot.jpg\"},{\"@type\":\"BreadcrumbList\",\"@id\":\"https:\\\/\\\/hetheiliggenot.be\\\/goed-om-te-weten\\\/#breadcrumb\",\"itemListElement\":[{\"@type\":\"ListItem\",\"position\":1,\"name\":\"Home\",\"item\":\"https:\\\/\\\/hetheiliggenot.be\\\/\"},{\"@type\":\"ListItem\",\"position\":2,\"name\":\"Bon \u00e0 savoir\"}]},{\"@type\":\"WebSite\",\"@id\":\"https:\\\/\\\/hetheiliggenot.be\\\/#website\",\"url\":\"https:\\\/\\\/hetheiliggenot.be\\\/\",\"name\":\"Het Heilig Genot\",\"description\":\"\",\"potentialAction\":[{\"@type\":\"SearchAction\",\"target\":{\"@type\":\"EntryPoint\",\"urlTemplate\":\"https:\\\/\\\/hetheiliggenot.be\\\/?s={search_term_string}\"},\"query-input\":{\"@type\":\"PropertyValueSpecification\",\"valueRequired\":true,\"valueName\":\"search_term_string\"}}],\"inLanguage\":\"fr-FR\"}]}<\/script>\n<!-- \/ Yoast SEO plugin. -->","yoast_head_json":{"title":"Bon \u00e0 savoir - Het Heilig Genot","robots":{"index":"index","follow":"follow","max-snippet":"max-snippet:-1","max-image-preview":"max-image-preview:large","max-video-preview":"max-video-preview:-1"},"canonical":"https:\/\/hetheiliggenot.be\/goed-om-te-weten\/","og_locale":"fr_FR","og_type":"article","og_title":"Bon \u00e0 savoir - Het Heilig Genot","og_description":"Bon \u00e0 savoir Parking ferm\u00e9 Des informations r\u00e9gionales solides Atelier automobile \u00e0 proximit\u00e9 de l&#8217;h\u00f4tel Pas d&#8217;animaux Pas d&#8217;enfants de moins de 16 ans R\u00e9servez votre v\u00e9lo via Fietsen Covemaecker &amp; Co BVBA R\u00e9servez votre v\u00e9lo ici","og_url":"https:\/\/hetheiliggenot.be\/goed-om-te-weten\/","og_site_name":"Het Heilig Genot","article_modified_time":"2026-02-05T12:24:16+00:00","og_image":[{"url":"https:\/\/hetheiliggenot.be\/wp-content\/uploads\/2019\/02\/parking-het-heilig-genot.jpg","type":"","width":"","height":""}],"twitter_card":"summary_large_image","schema":{"@context":"https:\/\/schema.org","@graph":[{"@type":"WebPage","@id":"https:\/\/hetheiliggenot.be\/goed-om-te-weten\/","url":"https:\/\/hetheiliggenot.be\/goed-om-te-weten\/","name":"Bon \u00e0 savoir - Het Heilig Genot","isPartOf":{"@id":"https:\/\/hetheiliggenot.be\/#website"},"primaryImageOfPage":{"@id":"https:\/\/hetheiliggenot.be\/goed-om-te-weten\/#primaryimage"},"image":{"@id":"https:\/\/hetheiliggenot.be\/goed-om-te-weten\/#primaryimage"},"thumbnailUrl":"https:\/\/hetheiliggenot.be\/wp-content\/uploads\/2019\/02\/parking-het-heilig-genot.jpg","datePublished":"2026-02-02T08:38:01+00:00","dateModified":"2026-02-05T12:24:16+00:00","breadcrumb":{"@id":"https:\/\/hetheiliggenot.be\/goed-om-te-weten\/#breadcrumb"},"inLanguage":"fr-FR","potentialAction":[{"@type":"ReadAction","target":["https:\/\/hetheiliggenot.be\/goed-om-te-weten\/"]}]},{"@type":"ImageObject","inLanguage":"fr-FR","@id":"https:\/\/hetheiliggenot.be\/goed-om-te-weten\/#primaryimage","url":"https:\/\/hetheiliggenot.be\/wp-content\/uploads\/2019\/02\/parking-het-heilig-genot.jpg","contentUrl":"https:\/\/hetheiliggenot.be\/wp-content\/uploads\/2019\/02\/parking-het-heilig-genot.jpg"},{"@type":"BreadcrumbList","@id":"https:\/\/hetheiliggenot.be\/goed-om-te-weten\/#breadcrumb","itemListElement":[{"@type":"ListItem","position":1,"name":"Home","item":"https:\/\/hetheiliggenot.be\/"},{"@type":"ListItem","position":2,"name":"Bon \u00e0 savoir"}]},{"@type":"WebSite","@id":"https:\/\/hetheiliggenot.be\/#website","url":"https:\/\/hetheiliggenot.be\/","name":"Het Heilig Genot","description":"","potentialAction":[{"@type":"SearchAction","target":{"@type":"EntryPoint","urlTemplate":"https:\/\/hetheiliggenot.be\/?s={search_term_string}"},"query-input":{"@type":"PropertyValueSpecification","valueRequired":true,"valueName":"search_term_string"}}],"inLanguage":"fr-FR"}]}},"_links":{"self":[{"href":"https:\/\/hetheiliggenot.be\/fr\/wp-json\/wp\/v2\/pages\/5407","targetHints":{"allow":["GET"]}}],"collection":[{"href":"https:\/\/hetheiliggenot.be\/fr\/wp-json\/wp\/v2\/pages"}],"about":[{"href":"https:\/\/hetheiliggenot.be\/fr\/wp-json\/wp\/v2\/types\/page"}],"author":[{"embeddable":true,"href":"https:\/\/hetheiliggenot.be\/fr\/wp-json\/wp\/v2\/users\/1"}],"replies":[{"embeddable":true,"href":"https:\/\/hetheiliggenot.be\/fr\/wp-json\/wp\/v2\/comments?post=5407"}],"version-history":[{"count":7,"href":"https:\/\/hetheiliggenot.be\/fr\/wp-json\/wp\/v2\/pages\/5407\/revisions"}],"predecessor-version":[{"id":5810,"href":"https:\/\/hetheiliggenot.be\/fr\/wp-json\/wp\/v2\/pages\/5407\/revisions\/5810"}],"wp:attachment":[{"href":"https:\/\/hetheiliggenot.be\/fr\/wp-json\/wp\/v2\/media?parent=5407"}],"curies":[{"name":"wp","href":"https:\/\/api.w.org\/{rel}","templated":true}]}}