{"id":5867,"date":"2026-02-10T15:12:24","date_gmt":"2026-02-10T13:12:24","guid":{"rendered":"https:\/\/hetheiliggenot.be\/detail-de-votre-reservation\/"},"modified":"2026-02-10T15:12:24","modified_gmt":"2026-02-10T13:12:24","slug":"detail-de-votre-reservation","status":"publish","type":"page","link":"https:\/\/hetheiliggenot.be\/fr\/detail-de-votre-reservation\/","title":{"rendered":"D\u00e9tail de votre r\u00e9servation"},"content":{"rendered":"\n<div class=\"wrap plugin-container\">\n\n\t\n\t\n\t\t<script type=\"text\/javascript\">\n\tfunction vbAddElement() {\n\t\tvar ni = document.getElementById('vbo-search-num-aduchild-block');\n\t\tvar numi = document.getElementById('vbroomhelper');\n\t\tvar num = (document.getElementById('vbroomhelper').value -1)+ 2;\n\t\tnumi.value = num;\n\t\tvar newdiv = document.createElement('div');\n\t\tvar divIdName = 'vb'+num+'racont';\n\t\tnewdiv.setAttribute('id',divIdName);\n\t\tnewdiv.innerHTML = '<div class=\\'vbo-search-num-aduchild-entry\\'><span class=\\'vbo-search-roomnum\\'>Chambre '+ num +'<\/span><div class=\\'vbo-search-num-adults-entry\\'><label class=\\'vbo-search-num-adults-entry-label\\'>Adultes<\/label><span class=\\'vbo-search-num-adults-entry-inp\\'><select name=\\'adults[]\\'><option value=\\'1\\'>1<\/option><option value=\\'2\\'>2<\/option><\/select><\/span><\/div><\/div>';\n\t\tni.appendChild(newdiv);\n\t}\n\tfunction vbSetRoomsAdults(totrooms) {\n\t\tvar actrooms = parseInt(document.getElementById('vbroomhelper').value);\n\t\tvar torooms = parseInt(totrooms);\n\t\tvar difrooms;\n\t\tif (torooms > actrooms) {\n\t\t\tdifrooms = torooms - actrooms;\n\t\t\tfor(var ir=1; ir<=difrooms; ir++) {\n\t\t\t\tvbAddElement();\n\t\t\t}\n\t\t}\n\t\tif (torooms < actrooms) {\n\t\t\tfor(var ir=actrooms; ir>torooms; ir--) {\n\t\t\t\tif (ir > 1) {\n\t\t\t\t\tvar rmra = document.getElementById('vb' + ir + 'racont');\n\t\t\t\t\trmra.parentNode.removeChild(rmra);\n\t\t\t\t}\n\t\t\t}\n\t\t\tdocument.getElementById('vbroomhelper').value = torooms;\n\t\t}\n\t}\n\tfunction vbCalcNights() {\n\t\tvar vbcheckin = document.getElementById('checkindate').value;\n\t\tvar vbcheckout = document.getElementById('checkoutdate').value;\n\t\tif (vbcheckin.length > 0 && vbcheckout.length > 0) {\n\t\t\tvar vbcheckinp = vbcheckin.split(\"\/\");\n\t\t\tvar vbcheckoutp = vbcheckout.split(\"\/\");\n\t\t\t\t\tvar vbinmonth = parseInt(vbcheckinp[1]);\n\t\t\tvbinmonth = vbinmonth - 1;\n\t\t\tvar vbinday = parseInt(vbcheckinp[0], 10);\n\t\t\tvar vbcheckind = new Date(vbcheckinp[2], vbinmonth, vbinday);\n\t\t\tvar vboutmonth = parseInt(vbcheckoutp[1]);\n\t\t\tvboutmonth = vboutmonth - 1;\n\t\t\tvar vboutday = parseInt(vbcheckoutp[0], 10);\n\t\t\tvar vbcheckoutd = new Date(vbcheckoutp[2], vboutmonth, vboutday);\n\t\t\t\t\t\tvar vbdivider = 1000 * 60 * 60 * 24;\n\t\t\tvar vbints = vbcheckind.getTime();\n\t\t\tvar vboutts = vbcheckoutd.getTime();\n\t\t\tif (vboutts > vbints) {\n\t\t\t\t\/\/var vbnights = Math.ceil((vboutts - vbints) \/ (vbdivider));\n\t\t\t\tvar utc1 = Date.UTC(vbcheckind.getFullYear(), vbcheckind.getMonth(), vbcheckind.getDate());\n\t\t\t\tvar utc2 = Date.UTC(vbcheckoutd.getFullYear(), vbcheckoutd.getMonth(), vbcheckoutd.getDate());\n\t\t\t\tvar vbnights = Math.ceil((utc2 - utc1) \/ vbdivider);\n\t\t\t\tif (vbnights > 0) {\n\t\t\t\t\tdocument.getElementById('vbjstotnights').innerHTML = 'Nuits: '+vbnights;\n\t\t\t\t} else {\n\t\t\t\t\tdocument.getElementById('vbjstotnights').innerHTML = '';\n\t\t\t\t}\n\t\t\t} else {\n\t\t\t\tdocument.getElementById('vbjstotnights').innerHTML = '';\n\t\t\t}\n\t\t} else {\n\t\t\tdocument.getElementById('vbjstotnights').innerHTML = '';\n\t\t}\n\t}\n\t<\/script>\n\t<input type=\"hidden\" id=\"vbroomhelper\" value=\"1\"\/>\n\t<p class=\"err\">Erreur, donn\u00e9es insuffisantes re\u00e7ues.<\/p>\t<div class=\"vbo-intro-main\"><h5 style=\"text-align: center\"><em>C\u2019est un plaisir de vous accueillir dans notre h\u00f4tel.<\/em><\/h5>\r\n<h5 style=\"text-align: center\"><em>Nous vous souhaitons un s\u00e9jour inoubliable, rempli d\u2019exp\u00e9riences et de souvenirs qui resteront \u00e0 jamais grav\u00e9s.<\/em><\/h5>\r\n<h5 style=\"text-align: center\"><em>Cordialement, Sandie.<\/em><\/h5><\/div>\n\t<div class=\"vbdivsearch vbo-search-mainview vbo-search-noresults-cont\"><form action=\"https:\/\/hetheiliggenot.be\/fr\/detail-de-votre-reservation\/?option=com_vikbooking&amp;Itemid=0\" method=\"post\"><div class=\"vb-search-inner\">\n<input type=\"hidden\" name=\"option\" value=\"com_vikbooking\"\/>\n<input type=\"hidden\" name=\"task\" value=\"search\"\/>\n<div class=\"vbo-search-inpblock vbo-search-inpblock-checkin\"><label for=\"checkindate\">Check-in date<\/label><div class=\"input-group\"><input type=\"text\" name=\"checkindate\" id=\"checkindate\" size=\"10\" autocomplete=\"off\" onfocus=\"this.blur();\" readonly\/><i class=\"far fa-calendar-days vbo-caltrigger\"><\/i><\/div><input type=\"hidden\" name=\"checkinh\" value=\"17\"\/><input type=\"hidden\" name=\"checkinm\" value=\"0\"\/><\/div>\n<div class=\"vbo-search-inpblock vbo-search-inpblock-checkout\"><label for=\"checkoutdate\">Check-out date<\/label><div class=\"input-group\"><input type=\"text\" name=\"checkoutdate\" id=\"checkoutdate\" size=\"10\" autocomplete=\"off\" onfocus=\"this.blur();\" readonly\/><i class=\"far fa-calendar-days vbo-caltrigger\"><\/i><\/div><input type=\"hidden\" name=\"checkouth\" value=\"10\"\/><input type=\"hidden\" name=\"checkoutm\" value=\"0\"\/><\/div>\n<div class=\"vbo-search-num-racblock\">\n\t<div class=\"vbo-search-num-rooms\"><label for=\"vbo-roomsnum\">Chambres<\/label><select id=\"vbo-roomsnum\" name=\"roomsnum\" onchange=\"vbSetRoomsAdults(this.value);\">\n<option value=\"1\">1<\/option>\n<option value=\"2\">2<\/option>\n<option value=\"3\">3<\/option>\n<option value=\"4\">4<\/option>\n<option value=\"5\">5<\/option>\n<option value=\"6\">6<\/option>\n<option value=\"7\">7<\/option>\n<option value=\"8\">8<\/option>\n<\/select>\n<\/div>\n\t<div class=\"vbo-search-num-aduchild-block\" id=\"vbo-search-num-aduchild-block\">\n\t\t<div class=\"vbo-search-num-aduchild-entry\"><span class=\"vbo-search-roomnum\">Chambre 1<\/span>\n\t\t\t<div class=\"vbo-search-num-adults-entry\"><label class=\"vbo-search-num-adults-entry-label\">Adultes<\/label><span class=\"vbo-search-num-adults-entry-inp\"><select name=\"adults[]\"><option value=\"1\">1<\/option><option value=\"2\">2<\/option><\/select><\/span><\/div>\n\t\t<\/div>\n\t<\/div>\n\t<div id=\"vbjstotnights\"><\/div>\n<\/div>\n<div class=\"vbo-search-categories\"><label for=\"vbo-formcategories\" class=\"vbformcategories\">Cat\u00e9gorie de chambres<\/label><select id=\"vbo-formcategories\" name=\"categories\"><option value=\"all\">Tout<\/option>\n<option value=\"1\">Hotel room<\/option>\n<option value=\"2\">Hotel room<\/option>\n<\/select><\/div>\n<div class=\"vbo-search-submit\"><button type=\"submit\" class=\"btn vbo-pref-color-btn\">Chercher<\/button><\/div>\n<\/div>\n<\/form><\/div>\t<div class=\"vbo-closing-main\">Respecteer strikt de aankomst- en vertrekuren. We vinden het belangrijk dat iedereen kan aankomen en verblijven in een schoon hotel. Daarom moet er voldoende tijd zijn voor een goede schoonmaak tussen het vertrek van de vorige gasten en de aankomst van de nieuwe gasten.\r\n Inchecken is mogelijk van 17.00 tot 19.30 uur, nadien kan er niet meer ingecheckt worden.\r\nvertrektijd: 10 uur\r\n\r\nGeen huisdieren, rookvrij hotel, adults only.\r\n<\/div>\n\n\t<script type=\"text\/javascript\">\n\tjQuery(function() {\n\t\tjQuery('.vbo-search-submit').find('button[type=\"submit\"]').on('click', function(e) {\n\t\t\te.preventDefault();\n\t\t\tjQuery(this).prop('disabled', true);\n\t\t\tjQuery(this).html('<i class=\"fas fa-circle-notch fa-spin fa-fw\"><\/i> ' + jQuery(this).text());\n\t\t\tjQuery(this).closest('form').submit();\n\t\t});\n\t});\n\t<\/script>\n\n\t\n<\/div>\n\n","protected":false},"excerpt":{"rendered":"","protected":false},"author":1,"featured_media":0,"parent":0,"menu_order":0,"comment_status":"closed","ping_status":"closed","template":"","meta":{"footnotes":""},"class_list":["post-5867","page","type-page","status-publish","hentry"],"yoast_head":"<!-- This site is optimized with the Yoast SEO plugin v27.5 - https:\/\/yoast.com\/product\/yoast-seo-wordpress\/ -->\n<title>D\u00e9tail de votre r\u00e9servation - Het Heilig Genot<\/title>\n<meta name=\"robots\" content=\"index, follow, max-snippet:-1, max-image-preview:large, max-video-preview:-1\" \/>\n<link rel=\"canonical\" href=\"https:\/\/hetheiliggenot.be\/detail-de-votre-reservation\/\" \/>\n<meta property=\"og:locale\" content=\"fr_FR\" \/>\n<meta property=\"og:type\" content=\"article\" \/>\n<meta property=\"og:title\" content=\"D\u00e9tail de votre r\u00e9servation - Het Heilig Genot\" \/>\n<meta property=\"og:url\" content=\"https:\/\/hetheiliggenot.be\/detail-de-votre-reservation\/\" \/>\n<meta property=\"og:site_name\" content=\"Het Heilig Genot\" \/>\n<meta name=\"twitter:card\" content=\"summary_large_image\" \/>\n<script type=\"application\/ld+json\" class=\"yoast-schema-graph\">{\"@context\":\"https:\\\/\\\/schema.org\",\"@graph\":[{\"@type\":\"WebPage\",\"@id\":\"https:\\\/\\\/hetheiliggenot.be\\\/detail-de-votre-reservation\\\/\",\"url\":\"https:\\\/\\\/hetheiliggenot.be\\\/detail-de-votre-reservation\\\/\",\"name\":\"D\u00e9tail de votre r\u00e9servation - Het Heilig Genot\",\"isPartOf\":{\"@id\":\"https:\\\/\\\/hetheiliggenot.be\\\/#website\"},\"datePublished\":\"2026-02-10T13:12:24+00:00\",\"breadcrumb\":{\"@id\":\"https:\\\/\\\/hetheiliggenot.be\\\/detail-de-votre-reservation\\\/#breadcrumb\"},\"inLanguage\":\"fr-FR\",\"potentialAction\":[{\"@type\":\"ReadAction\",\"target\":[\"https:\\\/\\\/hetheiliggenot.be\\\/detail-de-votre-reservation\\\/\"]}]},{\"@type\":\"BreadcrumbList\",\"@id\":\"https:\\\/\\\/hetheiliggenot.be\\\/detail-de-votre-reservation\\\/#breadcrumb\",\"itemListElement\":[{\"@type\":\"ListItem\",\"position\":1,\"name\":\"Home\",\"item\":\"https:\\\/\\\/hetheiliggenot.be\\\/fr\\\/\"},{\"@type\":\"ListItem\",\"position\":2,\"name\":\"D\u00e9tail de votre r\u00e9servation\"}]},{\"@type\":\"WebSite\",\"@id\":\"https:\\\/\\\/hetheiliggenot.be\\\/#website\",\"url\":\"https:\\\/\\\/hetheiliggenot.be\\\/\",\"name\":\"Het Heilig Genot\",\"description\":\"\",\"potentialAction\":[{\"@type\":\"SearchAction\",\"target\":{\"@type\":\"EntryPoint\",\"urlTemplate\":\"https:\\\/\\\/hetheiliggenot.be\\\/?s={search_term_string}\"},\"query-input\":{\"@type\":\"PropertyValueSpecification\",\"valueRequired\":true,\"valueName\":\"search_term_string\"}}],\"inLanguage\":\"fr-FR\"}]}<\/script>\n<!-- \/ Yoast SEO plugin. -->","yoast_head_json":{"title":"D\u00e9tail de votre r\u00e9servation - Het Heilig Genot","robots":{"index":"index","follow":"follow","max-snippet":"max-snippet:-1","max-image-preview":"max-image-preview:large","max-video-preview":"max-video-preview:-1"},"canonical":"https:\/\/hetheiliggenot.be\/detail-de-votre-reservation\/","og_locale":"fr_FR","og_type":"article","og_title":"D\u00e9tail de votre r\u00e9servation - Het Heilig Genot","og_url":"https:\/\/hetheiliggenot.be\/detail-de-votre-reservation\/","og_site_name":"Het Heilig Genot","twitter_card":"summary_large_image","schema":{"@context":"https:\/\/schema.org","@graph":[{"@type":"WebPage","@id":"https:\/\/hetheiliggenot.be\/detail-de-votre-reservation\/","url":"https:\/\/hetheiliggenot.be\/detail-de-votre-reservation\/","name":"D\u00e9tail de votre r\u00e9servation - Het Heilig Genot","isPartOf":{"@id":"https:\/\/hetheiliggenot.be\/#website"},"datePublished":"2026-02-10T13:12:24+00:00","breadcrumb":{"@id":"https:\/\/hetheiliggenot.be\/detail-de-votre-reservation\/#breadcrumb"},"inLanguage":"fr-FR","potentialAction":[{"@type":"ReadAction","target":["https:\/\/hetheiliggenot.be\/detail-de-votre-reservation\/"]}]},{"@type":"BreadcrumbList","@id":"https:\/\/hetheiliggenot.be\/detail-de-votre-reservation\/#breadcrumb","itemListElement":[{"@type":"ListItem","position":1,"name":"Home","item":"https:\/\/hetheiliggenot.be\/fr\/"},{"@type":"ListItem","position":2,"name":"D\u00e9tail de votre r\u00e9servation"}]},{"@type":"WebSite","@id":"https:\/\/hetheiliggenot.be\/#website","url":"https:\/\/hetheiliggenot.be\/","name":"Het Heilig Genot","description":"","potentialAction":[{"@type":"SearchAction","target":{"@type":"EntryPoint","urlTemplate":"https:\/\/hetheiliggenot.be\/?s={search_term_string}"},"query-input":{"@type":"PropertyValueSpecification","valueRequired":true,"valueName":"search_term_string"}}],"inLanguage":"fr-FR"}]}},"_links":{"self":[{"href":"https:\/\/hetheiliggenot.be\/fr\/wp-json\/wp\/v2\/pages\/5867","targetHints":{"allow":["GET"]}}],"collection":[{"href":"https:\/\/hetheiliggenot.be\/fr\/wp-json\/wp\/v2\/pages"}],"about":[{"href":"https:\/\/hetheiliggenot.be\/fr\/wp-json\/wp\/v2\/types\/page"}],"author":[{"embeddable":true,"href":"https:\/\/hetheiliggenot.be\/fr\/wp-json\/wp\/v2\/users\/1"}],"replies":[{"embeddable":true,"href":"https:\/\/hetheiliggenot.be\/fr\/wp-json\/wp\/v2\/comments?post=5867"}],"version-history":[{"count":0,"href":"https:\/\/hetheiliggenot.be\/fr\/wp-json\/wp\/v2\/pages\/5867\/revisions"}],"wp:attachment":[{"href":"https:\/\/hetheiliggenot.be\/fr\/wp-json\/wp\/v2\/media?parent=5867"}],"curies":[{"name":"wp","href":"https:\/\/api.w.org\/{rel}","templated":true}]}}