{"id":746,"date":"2019-02-25T12:08:35","date_gmt":"2019-02-25T11:08:35","guid":{"rendered":"https:\/\/www.hetheiliggenot.be\/?page_id=746"},"modified":"2026-04-03T12:16:45","modified_gmt":"2026-04-03T10:16:45","slug":"conditions-generales","status":"publish","type":"page","link":"https:\/\/hetheiliggenot.be\/fr\/conditions-generales\/","title":{"rendered":"Conditions"},"content":{"rendered":"\t\t<div data-elementor-type=\"wp-page\" data-elementor-id=\"746\" class=\"elementor elementor-746 elementor-233\" data-elementor-post-type=\"page\">\n\t\t\t\t<div class=\"elementor-element elementor-element-7b37180 e-flex e-con-boxed e-con e-parent\" data-id=\"7b37180\" data-element_type=\"container\" data-e-type=\"container\">\n\t\t\t\t\t<div class=\"e-con-inner\">\n\t\t\t\t<div class=\"elementor-element elementor-element-a150f6c elementor-widget elementor-widget-heading\" data-id=\"a150f6c\" data-element_type=\"widget\" data-e-type=\"widget\" data-widget_type=\"heading.default\">\n\t\t\t\t\t<h1 class=\"elementor-heading-title elementor-size-default\">Conditions d'utilisation du Heilig Genot<\/h1>\t\t\t\t<\/div>\n\t\t\t\t<div class=\"elementor-element elementor-element-0387e51 elementor-widget elementor-widget-text-editor\" data-id=\"0387e51\" data-element_type=\"widget\" data-e-type=\"widget\" data-widget_type=\"text-editor.default\">\n\t\t\t\t\t\t\t\t\t<p>Bienvenue \u00e0 <strong>Het Heilig Genot<\/strong>, un \u00e9tablissement r\u00e9serv\u00e9 aux adultes o\u00f9 la tranquillit\u00e9, le confort et le raffinement sont \u00e0 l&#8217;honneur. Afin de garantir \u00e0 chaque h\u00f4te un s\u00e9jour luxueux et sans souci, nous vous demandons de respecter les conditions ci-dessous.<\/p><hr><h3>Annulation et flexibilit\u00e9<\/h3><p>En cas d&#8217;annulation jusqu&#8217;\u00e0 <strong>une semaine avant l&#8217;arriv\u00e9e<\/strong>, et si vous avez r\u00e9serv\u00e9 sur notre <strong>site Internet<\/strong>, vous recevrez un <strong>bon d&#8217;une valeur \u00e9quivalente au montant pay\u00e9<\/strong>, valable pendant <strong>12 mois<\/strong> pour un prochain s\u00e9jour.<\/p><p>Les r\u00e9servations effectu\u00e9es par l&#8217;interm\u00e9diaire de plateformes de r\u00e9servation externes <strong>ne sont pas remboursables<\/strong>.<br>Nous vous recommandons de toujours souscrire une <strong>assurance annulation personnelle<\/strong> pour plus de tranquillit\u00e9 d&#8217;esprit.<\/p><hr><h3>Arriv\u00e9e et d\u00e9part<\/h3><ul><li><p><strong>Enregistrement :<\/strong> de <strong>17h00 \u00e0 19h30<\/strong><\/p><\/li><li><p><strong>Check-out :<\/strong> au plus tard \u00e0 <strong>10<\/strong> heures.<\/p><\/li><\/ul><p>L&#8217;enregistrement ou le d\u00e9part en dehors de ces heures est possible moyennant un suppl\u00e9ment <strong>de 50 \u20ac<\/strong>, sous r\u00e9serve de confirmation pr\u00e9alable.<br><strong>L&#8217;enregistrement apr\u00e8s 19h30 n&#8217;est pas possible.<\/strong> En cas d&#8217;arriv\u00e9e tardive, la r\u00e9servation expire et <strong>n&#8217;est pas remboursable<\/strong>.<\/p><p>Nous vous demandons de respecter scrupuleusement ces horaires afin que nous puissions pr\u00e9parer chaque chambre avec le plus grand soin pour nos prochains h\u00f4tes.<\/p><hr><h3>Paiement<\/h3><p>Lors de la r\u00e9servation, le montant <strong>total<\/strong> sera <strong>d\u00e9bit\u00e9 imm\u00e9diatement<\/strong> par carte de cr\u00e9dit.<\/p><hr><h3>Imp\u00f4ts<\/h3><p>Taxe de s\u00e9jour : 1,90 \u20ac\/personne\/nuit<\/p><hr><h3>Adultes uniquement<\/h3><p>Pour garantir une atmosph\u00e8re sereine et d\u00e9tendue, Het Heilig Genot est un h\u00e9bergement <strong>r\u00e9serv\u00e9 aux adultes<\/strong>.<br>Les personnes <strong>de moins de 16 ans<\/strong> ne sont pas admises.<\/p><hr><h3>Animaux de compagnie<\/h3><p>Pour assurer le confort de tous nos h\u00f4tes, les <strong>animaux domestiques ne sont pas admis<\/strong>.<\/p><hr><h3>Fumer<\/h3><p>L&#8217;ensemble de l&#8217;h\u00f4tel, y compris les chambres et la terrasse, est <strong>non-fumeur<\/strong>.<br>En cas d&#8217;infraction, des <strong>frais de nettoyage suppl\u00e9mentaires de 50 \u20ac par chambre<\/strong> seront factur\u00e9s.<\/p><hr><h3>Alimentation et boissons<\/h3><p>Pour des raisons d&#8217;hygi\u00e8ne, de qualit\u00e9 et d&#8217;exp\u00e9rience, il <strong>n&#8217;est pas permis de<\/strong> consommer <strong>sa propre nourriture ou ses propres boissons<\/strong> dans les chambres ou dans l&#8217;enceinte de l&#8217;h\u00f4tel.<br>Nous vous invitons \u00e0 profiter de l&#8217;offre soigneusement s\u00e9lectionn\u00e9e que nous mettons \u00e0 votre disposition avec le plus grand soin.<\/p><hr><p>Nous vous remercions de respecter ces conditions et nous nous r\u00e9jouissons de vous accueillir pour un <strong>s\u00e9jour inoubliable plein de paix et de plaisir<\/strong> au Heilig Genot.<\/p>\t\t\t\t\t\t\t\t<\/div>\n\t\t\t\t\t<\/div>\n\t\t\t\t<\/div>\n\t\t\t\t<\/div>\n\t\t","protected":false},"excerpt":{"rendered":"<p>Conditions d&#8217;utilisation du Heilig Genot Bienvenue \u00e0 Het Heilig Genot, un \u00e9tablissement r\u00e9serv\u00e9 aux adultes o\u00f9 la tranquillit\u00e9, le confort et le raffinement sont \u00e0 l&#8217;honneur. Afin de garantir \u00e0 chaque h\u00f4te un s\u00e9jour luxueux et sans souci, nous vous demandons de respecter les conditions ci-dessous. Annulation et flexibilit\u00e9 En cas d&#8217;annulation jusqu&#8217;\u00e0 une semaine [&hellip;]<\/p>\n","protected":false},"author":1,"featured_media":0,"parent":0,"menu_order":0,"comment_status":"closed","ping_status":"closed","template":"","meta":{"footnotes":""},"class_list":["post-746","page","type-page","status-publish","hentry"],"yoast_head":"<!-- This site is optimized with the Yoast SEO plugin v27.3 - https:\/\/yoast.com\/product\/yoast-seo-wordpress\/ -->\n<title>Conditions - Het Heilig Genot<\/title>\n<meta name=\"robots\" content=\"index, follow, max-snippet:-1, max-image-preview:large, max-video-preview:-1\" \/>\n<link rel=\"canonical\" href=\"https:\/\/hetheiliggenot.be\/fr\/conditions-generales\/\" \/>\n<meta property=\"og:locale\" content=\"fr_FR\" \/>\n<meta property=\"og:type\" content=\"article\" \/>\n<meta property=\"og:title\" content=\"Conditions - Het Heilig Genot\" \/>\n<meta property=\"og:description\" content=\"Conditions d&#8217;utilisation du Heilig Genot Bienvenue \u00e0 Het Heilig Genot, un \u00e9tablissement r\u00e9serv\u00e9 aux adultes o\u00f9 la tranquillit\u00e9, le confort et le raffinement sont \u00e0 l&#8217;honneur. Afin de garantir \u00e0 chaque h\u00f4te un s\u00e9jour luxueux et sans souci, nous vous demandons de respecter les conditions ci-dessous. Annulation et flexibilit\u00e9 En cas d&#8217;annulation jusqu&#8217;\u00e0 une semaine [&hellip;]\" \/>\n<meta property=\"og:url\" content=\"https:\/\/hetheiliggenot.be\/fr\/conditions-generales\/\" \/>\n<meta property=\"og:site_name\" content=\"Het Heilig Genot\" \/>\n<meta property=\"article:modified_time\" content=\"2026-04-03T10:16:45+00:00\" \/>\n<meta name=\"twitter:card\" content=\"summary_large_image\" \/>\n<meta name=\"twitter:label1\" content=\"Dur\u00e9e de lecture estim\u00e9e\" \/>\n\t<meta name=\"twitter:data1\" content=\"2 minutes\" \/>\n<script type=\"application\/ld+json\" class=\"yoast-schema-graph\">{\"@context\":\"https:\\\/\\\/schema.org\",\"@graph\":[{\"@type\":\"WebPage\",\"@id\":\"https:\\\/\\\/hetheiliggenot.be\\\/fr\\\/conditions-generales\\\/\",\"url\":\"https:\\\/\\\/hetheiliggenot.be\\\/fr\\\/conditions-generales\\\/\",\"name\":\"Conditions - Het Heilig Genot\",\"isPartOf\":{\"@id\":\"https:\\\/\\\/hetheiliggenot.be\\\/#website\"},\"datePublished\":\"2019-02-25T11:08:35+00:00\",\"dateModified\":\"2026-04-03T10:16:45+00:00\",\"breadcrumb\":{\"@id\":\"https:\\\/\\\/hetheiliggenot.be\\\/fr\\\/conditions-generales\\\/#breadcrumb\"},\"inLanguage\":\"fr-FR\",\"potentialAction\":[{\"@type\":\"ReadAction\",\"target\":[\"https:\\\/\\\/hetheiliggenot.be\\\/fr\\\/conditions-generales\\\/\"]}]},{\"@type\":\"BreadcrumbList\",\"@id\":\"https:\\\/\\\/hetheiliggenot.be\\\/fr\\\/conditions-generales\\\/#breadcrumb\",\"itemListElement\":[{\"@type\":\"ListItem\",\"position\":1,\"name\":\"Home\",\"item\":\"https:\\\/\\\/hetheiliggenot.be\\\/\"},{\"@type\":\"ListItem\",\"position\":2,\"name\":\"Conditions\"}]},{\"@type\":\"WebSite\",\"@id\":\"https:\\\/\\\/hetheiliggenot.be\\\/#website\",\"url\":\"https:\\\/\\\/hetheiliggenot.be\\\/\",\"name\":\"Het Heilig Genot\",\"description\":\"\",\"potentialAction\":[{\"@type\":\"SearchAction\",\"target\":{\"@type\":\"EntryPoint\",\"urlTemplate\":\"https:\\\/\\\/hetheiliggenot.be\\\/?s={search_term_string}\"},\"query-input\":{\"@type\":\"PropertyValueSpecification\",\"valueRequired\":true,\"valueName\":\"search_term_string\"}}],\"inLanguage\":\"fr-FR\"}]}<\/script>\n<!-- \/ Yoast SEO plugin. -->","yoast_head_json":{"title":"Conditions - Het Heilig Genot","robots":{"index":"index","follow":"follow","max-snippet":"max-snippet:-1","max-image-preview":"max-image-preview:large","max-video-preview":"max-video-preview:-1"},"canonical":"https:\/\/hetheiliggenot.be\/fr\/conditions-generales\/","og_locale":"fr_FR","og_type":"article","og_title":"Conditions - Het Heilig Genot","og_description":"Conditions d&#8217;utilisation du Heilig Genot Bienvenue \u00e0 Het Heilig Genot, un \u00e9tablissement r\u00e9serv\u00e9 aux adultes o\u00f9 la tranquillit\u00e9, le confort et le raffinement sont \u00e0 l&#8217;honneur. Afin de garantir \u00e0 chaque h\u00f4te un s\u00e9jour luxueux et sans souci, nous vous demandons de respecter les conditions ci-dessous. Annulation et flexibilit\u00e9 En cas d&#8217;annulation jusqu&#8217;\u00e0 une semaine [&hellip;]","og_url":"https:\/\/hetheiliggenot.be\/fr\/conditions-generales\/","og_site_name":"Het Heilig Genot","article_modified_time":"2026-04-03T10:16:45+00:00","twitter_card":"summary_large_image","twitter_misc":{"Dur\u00e9e de lecture estim\u00e9e":"2 minutes"},"schema":{"@context":"https:\/\/schema.org","@graph":[{"@type":"WebPage","@id":"https:\/\/hetheiliggenot.be\/fr\/conditions-generales\/","url":"https:\/\/hetheiliggenot.be\/fr\/conditions-generales\/","name":"Conditions - Het Heilig Genot","isPartOf":{"@id":"https:\/\/hetheiliggenot.be\/#website"},"datePublished":"2019-02-25T11:08:35+00:00","dateModified":"2026-04-03T10:16:45+00:00","breadcrumb":{"@id":"https:\/\/hetheiliggenot.be\/fr\/conditions-generales\/#breadcrumb"},"inLanguage":"fr-FR","potentialAction":[{"@type":"ReadAction","target":["https:\/\/hetheiliggenot.be\/fr\/conditions-generales\/"]}]},{"@type":"BreadcrumbList","@id":"https:\/\/hetheiliggenot.be\/fr\/conditions-generales\/#breadcrumb","itemListElement":[{"@type":"ListItem","position":1,"name":"Home","item":"https:\/\/hetheiliggenot.be\/"},{"@type":"ListItem","position":2,"name":"Conditions"}]},{"@type":"WebSite","@id":"https:\/\/hetheiliggenot.be\/#website","url":"https:\/\/hetheiliggenot.be\/","name":"Het Heilig Genot","description":"","potentialAction":[{"@type":"SearchAction","target":{"@type":"EntryPoint","urlTemplate":"https:\/\/hetheiliggenot.be\/?s={search_term_string}"},"query-input":{"@type":"PropertyValueSpecification","valueRequired":true,"valueName":"search_term_string"}}],"inLanguage":"fr-FR"}]}},"_links":{"self":[{"href":"https:\/\/hetheiliggenot.be\/fr\/wp-json\/wp\/v2\/pages\/746","targetHints":{"allow":["GET"]}}],"collection":[{"href":"https:\/\/hetheiliggenot.be\/fr\/wp-json\/wp\/v2\/pages"}],"about":[{"href":"https:\/\/hetheiliggenot.be\/fr\/wp-json\/wp\/v2\/types\/page"}],"author":[{"embeddable":true,"href":"https:\/\/hetheiliggenot.be\/fr\/wp-json\/wp\/v2\/users\/1"}],"replies":[{"embeddable":true,"href":"https:\/\/hetheiliggenot.be\/fr\/wp-json\/wp\/v2\/comments?post=746"}],"version-history":[{"count":13,"href":"https:\/\/hetheiliggenot.be\/fr\/wp-json\/wp\/v2\/pages\/746\/revisions"}],"predecessor-version":[{"id":6326,"href":"https:\/\/hetheiliggenot.be\/fr\/wp-json\/wp\/v2\/pages\/746\/revisions\/6326"}],"wp:attachment":[{"href":"https:\/\/hetheiliggenot.be\/fr\/wp-json\/wp\/v2\/media?parent=746"}],"curies":[{"name":"wp","href":"https:\/\/api.w.org\/{rel}","templated":true}]}}